{"id":918,"date":"2023-01-14T16:29:30","date_gmt":"2023-01-14T15:29:30","guid":{"rendered":"https:\/\/hitna2024.conventuscredo.hr\/organization\/"},"modified":"2023-12-12T12:18:25","modified_gmt":"2023-12-12T11:18:25","slug":"organization","status":"publish","type":"page","link":"https:\/\/hitna2024.conventuscredo.hr\/en\/organization\/","title":{"rendered":"Organization"},"content":{"rendered":"<p>[et_pb_section fb_built=&#8221;1&#8243; _builder_version=&#8221;4.22.2&#8243; _module_preset=&#8221;default&#8221; custom_padding=&#8221;0px||0px||true|false&#8221; bottom_divider_color=&#8221;#FFFFFF&#8221; bottom_divider_arrangement=&#8221;above_content&#8221; bottom_divider_style_last_edited=&#8221;off|desktop&#8221; bottom_divider_height_tablet=&#8221;30px&#8221; bottom_divider_height_phone=&#8221;10px&#8221; bottom_divider_height_last_edited=&#8221;on|desktop&#8221; border_width_top=&#8221;14px&#8221; border_color_top=&#8221;#FFE500&#8243; border_width_bottom=&#8221;14px&#8221; border_color_bottom=&#8221;#FFE500&#8243; global_module=&#8221;26&#8243; saved_tabs=&#8221;all&#8221; global_colors_info=&#8221;{}&#8221;][et_pb_row _builder_version=&#8221;4.19.4&#8243; _module_preset=&#8221;default&#8221; width=&#8221;100%&#8221; max_width=&#8221;100%&#8221; module_alignment=&#8221;center&#8221; custom_margin=&#8221;0px|0px|0px|0px|true|true&#8221; custom_padding=&#8221;0px|0px|0px|0px|true|true&#8221; global_colors_info=&#8221;{}&#8221;][et_pb_column type=&#8221;4_4&#8243; _builder_version=&#8221;4.19.4&#8243; _module_preset=&#8221;default&#8221; global_colors_info=&#8221;{}&#8221;][et_pb_image src=&#8221;https:\/\/hitna2024.conventuscredo.hr\/wp-content\/uploads\/2023\/12\/hitna-hero-en.jpg&#8221; title_text=&#8221;hero&#8221; align=&#8221;center&#8221; force_fullwidth=&#8221;on&#8221; _builder_version=&#8221;4.22.2&#8243; _module_preset=&#8221;default&#8221; global_colors_info=&#8221;{}&#8221;][\/et_pb_image][\/et_pb_column][\/et_pb_row][\/et_pb_section][et_pb_section fb_built=&#8221;1&#8243; _builder_version=&#8221;4.19.4&#8243; _module_preset=&#8221;default&#8221; global_colors_info=&#8221;{}&#8221;][et_pb_row _builder_version=&#8221;4.19.4&#8243; _module_preset=&#8221;default&#8221; custom_padding=&#8221;||50px||false|false&#8221; global_colors_info=&#8221;{}&#8221;][et_pb_column type=&#8221;4_4&#8243; _builder_version=&#8221;4.19.4&#8243; _module_preset=&#8221;default&#8221; global_colors_info=&#8221;{}&#8221;][et_pb_post_title meta=&#8221;off&#8221; featured_image=&#8221;off&#8221; _builder_version=&#8221;4.19.4&#8243; _module_preset=&#8221;default&#8221; title_font=&#8221;|800|||||||&#8221; title_text_align=&#8221;center&#8221; title_font_size=&#8221;60px&#8221; title_letter_spacing=&#8221;-0.03em&#8221; global_colors_info=&#8221;{}&#8221;][\/et_pb_post_title][\/et_pb_column][\/et_pb_row][et_pb_row column_structure=&#8221;1_2,1_2&#8243; _builder_version=&#8221;4.19.4&#8243; _module_preset=&#8221;default&#8221; custom_padding=&#8221;||50px||false|false&#8221; global_colors_info=&#8221;{}&#8221;][et_pb_column type=&#8221;1_2&#8243; _builder_version=&#8221;4.19.4&#8243; _module_preset=&#8221;default&#8221; global_colors_info=&#8221;{}&#8221;][et_pb_text _builder_version=&#8221;4.22.2&#8243; _module_preset=&#8221;default&#8221; header_3_font=&#8221;|700|||||||&#8221; header_3_text_color=&#8221;#EE2C47&#8243; hover_enabled=&#8221;0&#8243; global_colors_info=&#8221;{}&#8221; sticky_enabled=&#8221;0&#8243;]<\/p>\n<h3 style=\"padding-bottom: 1rem;\">Congress President<\/h3>\n<p style=\"padding-bottom: 2.5rem;\">Vi\u0161nja Nesek-Adam<\/p>\n<h3 style=\"padding-bottom: 1rem;\">Congress Secretary<\/h3>\n<p style=\"padding-bottom: 2.5rem;\">An\u0111ela Simi\u0107<\/p>\n<h3 style=\"padding-bottom: 1rem;\">Organizer<\/h3>\n<p>Croatian Medical Association \u2013 Croatian Society of Emergency Medicine<\/p>\n<p>&nbsp;<\/p>\n<h3 style=\"padding-bottom: 1rem;\">Congress venue<\/h3>\n<p>Hotel Park Plaza Histria Pula<br \/>Verudella 17, 52 100 Pula<\/p>\n<p>[\/et_pb_text][\/et_pb_column][et_pb_column type=&#8221;1_2&#8243; _builder_version=&#8221;4.19.4&#8243; _module_preset=&#8221;default&#8221; global_colors_info=&#8221;{}&#8221;][et_pb_text _builder_version=&#8221;4.22.2&#8243; _module_preset=&#8221;default&#8221; header_3_font=&#8221;|700|||||||&#8221; header_3_text_color=&#8221;#EE2C47&#8243; hover_enabled=&#8221;0&#8243; global_colors_info=&#8221;{}&#8221; sticky_enabled=&#8221;0&#8243;]<\/p>\n<h3 style=\"padding-bottom: 1rem;\">Organizing Committee<\/h3>\n<ul>\n<li>Adis Keranovi\u0107<\/li>\n<li>Branka Bardak<\/li>\n<li>Dragana Beki\u0107<\/li>\n<li>Ivan Brdar<\/li>\n<li>Ivana Srzi\u0107<\/li>\n<li>Martina Pavleti\u0107<\/li>\n<li>Radmila Majhen Ujevi\u0107<\/li>\n<li>Senka Kaj\u010di\u0107<\/li>\n<\/ul>\n<h3 style=\"padding-bottom: 1rem; padding-top: 2rem;\">Scientific-expert Committee<\/h3>\n<ul>\n<li>Aristomenis Exadaktylos<\/li>\n<li>Ashraf Butt<\/li>\n<li>Charles Haviland Mize<\/li>\n<li>Christopher L Moore<\/li>\n<li>Damir Ro\u0161i\u0107<\/li>\n<li>Ingrid Bo\u0161an-Kilibarda<\/li>\n<li>Ivan Gornik<\/li>\n<li>Ingrid Prka\u010din<\/li>\n<li>Robert Leach<\/li>\n<li>Vi\u0161nja Nesek Adam<\/li>\n<\/ul>\n<p>[\/et_pb_text][\/et_pb_column][\/et_pb_row][\/et_pb_section]<\/p>\n","protected":false},"excerpt":{"rendered":"<p>Congress President Vi\u0161nja Nesek-Adam Congress Secretary An\u0111ela Simi\u0107 Organizer Croatian Medical Association \u2013 Croatian Society of Emergency Medicine &nbsp; Congress venue Hotel Park Plaza Histria PulaVerudella 17, 52 100 PulaOrganizing Committee Adis Keranovi\u0107 Branka Bardak Dragana Beki\u0107 Ivan Brdar Ivana Srzi\u0107 Martina Pavleti\u0107 Radmila Majhen Ujevi\u0107 Senka Kaj\u010di\u0107 Scientific-expert Committee Aristomenis Exadaktylos Ashraf Butt Charles [&hellip;]<\/p>\n","protected":false},"author":1,"featured_media":0,"parent":0,"menu_order":0,"comment_status":"closed","ping_status":"closed","template":"","meta":{"_acf_changed":false,"_et_pb_use_builder":"on","_et_pb_old_content":"","_et_gb_content_width":"","footnotes":""},"class_list":["post-918","page","type-page","status-publish","hentry"],"acf":[],"_links":{"self":[{"href":"https:\/\/hitna2024.conventuscredo.hr\/en\/wp-json\/wp\/v2\/pages\/918"}],"collection":[{"href":"https:\/\/hitna2024.conventuscredo.hr\/en\/wp-json\/wp\/v2\/pages"}],"about":[{"href":"https:\/\/hitna2024.conventuscredo.hr\/en\/wp-json\/wp\/v2\/types\/page"}],"author":[{"embeddable":true,"href":"https:\/\/hitna2024.conventuscredo.hr\/en\/wp-json\/wp\/v2\/users\/1"}],"replies":[{"embeddable":true,"href":"https:\/\/hitna2024.conventuscredo.hr\/en\/wp-json\/wp\/v2\/comments?post=918"}],"version-history":[{"count":9,"href":"https:\/\/hitna2024.conventuscredo.hr\/en\/wp-json\/wp\/v2\/pages\/918\/revisions"}],"predecessor-version":[{"id":1114,"href":"https:\/\/hitna2024.conventuscredo.hr\/en\/wp-json\/wp\/v2\/pages\/918\/revisions\/1114"}],"wp:attachment":[{"href":"https:\/\/hitna2024.conventuscredo.hr\/en\/wp-json\/wp\/v2\/media?parent=918"}],"curies":[{"name":"wp","href":"https:\/\/api.w.org\/{rel}","templated":true}]}}